{"id":83,"date":"2020-04-02T18:18:36","date_gmt":"2020-04-02T16:18:36","guid":{"rendered":"http:\/\/www.test.cce37.fr\/?page_id=83"},"modified":"2023-01-12T14:42:48","modified_gmt":"2023-01-12T13:42:48","slug":"statuts","status":"publish","type":"page","link":"https:\/\/cce37.fr\/?page_id=83","title":{"rendered":"Statuts"},"content":{"rendered":"[vc_row type=\u00a0\u00bbfull_width_content\u00a0\u00bb full_screen_row_position=\u00a0\u00bbmiddle\u00a0\u00bb column_margin=\u00a0\u00bbdefault\u00a0\u00bb column_direction=\u00a0\u00bbdefault\u00a0\u00bb column_direction_tablet=\u00a0\u00bbdefault\u00a0\u00bb column_direction_phone=\u00a0\u00bbdefault\u00a0\u00bb scene_position=\u00a0\u00bbcenter\u00a0\u00bb text_color=\u00a0\u00bbdark\u00a0\u00bb text_align=\u00a0\u00bbcenter\u00a0\u00bb row_border_radius=\u00a0\u00bbnone\u00a0\u00bb row_border_radius_applies=\u00a0\u00bbbg\u00a0\u00bb overflow=\u00a0\u00bbvisible\u00a0\u00bb advanced_gradient_angle=\u00a0\u00bb0&Prime; overlay_strength=\u00a0\u00bb0.3&Prime; gradient_direction=\u00a0\u00bbleft_to_right\u00a0\u00bb shape_divider_position=\u00a0\u00bbbottom\u00a0\u00bb bg_image_animation=\u00a0\u00bbnone\u00a0\u00bb shape_type=\u00a0\u00bb\u00a0\u00bb gradient_type=\u00a0\u00bbdefault\u00a0\u00bb][vc_column column_padding=\u00a0\u00bbno-extra-padding\u00a0\u00bb column_padding_tablet=\u00a0\u00bbinherit\u00a0\u00bb column_padding_phone=\u00a0\u00bbinherit\u00a0\u00bb column_padding_position=\u00a0\u00bball\u00a0\u00bb column_element_spacing=\u00a0\u00bbdefault\u00a0\u00bb background_color_opacity=\u00a0\u00bb1&Prime; background_hover_color_opacity=\u00a0\u00bb1&Prime; background_image=\u00a0\u00bb1022&Prime; background_image_position=\u00a0\u00bbcenter center\u00a0\u00bb enable_bg_scale=\u00a0\u00bbtrue\u00a0\u00bb background_image_loading=\u00a0\u00bbdefault\u00a0\u00bb column_shadow=\u00a0\u00bbnone\u00a0\u00bb column_border_radius=\u00a0\u00bbnone\u00a0\u00bb column_link_target=\u00a0\u00bb_self\u00a0\u00bb column_position=\u00a0\u00bbdefault\u00a0\u00bb advanced_gradient_angle=\u00a0\u00bb0&Prime; gradient_direction=\u00a0\u00bbleft_to_right\u00a0\u00bb overlay_strength=\u00a0\u00bb0.3&Prime; width=\u00a0\u00bb1\/1&Prime; tablet_width_inherit=\u00a0\u00bbdefault\u00a0\u00bb tablet_text_alignment=\u00a0\u00bbdefault\u00a0\u00bb phone_text_alignment=\u00a0\u00bbdefault\u00a0\u00bb animation_type=\u00a0\u00bbdefault\u00a0\u00bb bg_image_animation=\u00a0\u00bbnone\u00a0\u00bb border_type=\u00a0\u00bbsimple\u00a0\u00bb column_border_width=\u00a0\u00bbnone\u00a0\u00bb column_border_style=\u00a0\u00bbsolid\u00a0\u00bb gradient_type=\u00a0\u00bbdefault\u00a0\u00bb][divider line_type=\u00a0\u00bbNo Line\u00a0\u00bb custom_height=\u00a0\u00bb40&Prime;][split_line_heading animation_type=\u00a0\u00bbline-reveal-by-space\u00a0\u00bb font_style=\u00a0\u00bbh1&Prime; text_color=\u00a0\u00bb#ffffff\u00a0\u00bb line_reveal_by_space_text_effect=\u00a0\u00bbdefault\u00a0\u00bb content_alignment=\u00a0\u00bbdefault\u00a0\u00bb mobile_content_alignment=\u00a0\u00bbinherit\u00a0\u00bb link_target=\u00a0\u00bb_self\u00a0\u00bb text_content=\u00a0\u00bbLes statuts\u00a0\u00bb]\n<h1 style=\"text-align: center;\"><span style=\"color: #ffffff;\">Les origines<br \/>\n<\/span><\/h1>\n[\/split_line_heading][divider line_type=\u00a0\u00bbNo Line\u00a0\u00bb custom_height=\u00a0\u00bb40&Prime;][\/vc_column][\/vc_row][vc_row type=\u00a0\u00bbfull_width_background\u00a0\u00bb full_screen_row_position=\u00a0\u00bbmiddle\u00a0\u00bb column_margin=\u00a0\u00bbdefault\u00a0\u00bb column_direction=\u00a0\u00bbdefault\u00a0\u00bb column_direction_tablet=\u00a0\u00bbdefault\u00a0\u00bb column_direction_phone=\u00a0\u00bbdefault\u00a0\u00bb scene_position=\u00a0\u00bbcenter\u00a0\u00bb text_color=\u00a0\u00bbdark\u00a0\u00bb text_align=\u00a0\u00bbleft\u00a0\u00bb row_border_radius=\u00a0\u00bbnone\u00a0\u00bb row_border_radius_applies=\u00a0\u00bbbg\u00a0\u00bb overflow=\u00a0\u00bbvisible\u00a0\u00bb color_overlay=\u00a0\u00bb#ffffff\u00a0\u00bb overlay_strength=\u00a0\u00bb0.3&Prime; gradient_direction=\u00a0\u00bbleft_to_right\u00a0\u00bb shape_divider_position=\u00a0\u00bbbottom\u00a0\u00bb bg_image_animation=\u00a0\u00bbnone\u00a0\u00bb shape_type=\u00a0\u00bb\u00a0\u00bb][vc_column column_padding=\u00a0\u00bbno-extra-padding\u00a0\u00bb column_padding_tablet=\u00a0\u00bbinherit\u00a0\u00bb column_padding_phone=\u00a0\u00bbinherit\u00a0\u00bb column_padding_position=\u00a0\u00bball\u00a0\u00bb top_margin=\u00a0\u00bb20&Prime; column_element_spacing=\u00a0\u00bbdefault\u00a0\u00bb background_color_opacity=\u00a0\u00bb1&Prime; background_hover_color_opacity=\u00a0\u00bb1&Prime; column_shadow=\u00a0\u00bbnone\u00a0\u00bb column_border_radius=\u00a0\u00bbnone\u00a0\u00bb column_link_target=\u00a0\u00bb_self\u00a0\u00bb column_position=\u00a0\u00bbdefault\u00a0\u00bb gradient_direction=\u00a0\u00bbleft_to_right\u00a0\u00bb overlay_strength=\u00a0\u00bb0.3&Prime; width=\u00a0\u00bb1\/1&Prime; tablet_width_inherit=\u00a0\u00bbdefault\u00a0\u00bb tablet_text_alignment=\u00a0\u00bbdefault\u00a0\u00bb phone_text_alignment=\u00a0\u00bbdefault\u00a0\u00bb animation_type=\u00a0\u00bbdefault\u00a0\u00bb bg_image_animation=\u00a0\u00bbnone\u00a0\u00bb border_type=\u00a0\u00bbsimple\u00a0\u00bb column_border_width=\u00a0\u00bbnone\u00a0\u00bb column_border_style=\u00a0\u00bbsolid\u00a0\u00bb][vc_column_text]\n<div class=\"entry-content\">\n<h3><strong>Article 1<\/strong><\/h3>\n<p>Il est fond\u00e9 entre les ayants droits et les ouvrants droits appartenant \u00e0 la Caisse Mutuelle Compl\u00e9mentaire et d\u2019Action Sociale d\u2019EDF-GDF d\u2019Indre et Loire, une association r\u00e9gie par la loi du 1er juillet 1901 et le d\u00e9cret du 16 ao\u00fbt 1901 ayant pour titre :<\/p>\n<p align=\"center\"><strong>CLUB CROISI\u00c8RE \u00c9NERGIE 37<\/strong><\/p>\n<h3><strong>Article 2<\/strong><\/h3>\n<p>L\u2019association a pour but d\u2019encourager, de promouvoir, d\u2019animer et d\u2019organiser dans les limites de ses pr\u00e9rogatives le sport de la voile et des activit\u00e9s nautiques sous toutes formes de pratiques, que celles ci soient \u00e0 vis\u00e9e de comp\u00e9tition, de loisir, de pratique \u00e9ducative et sociale ou d\u2019int\u00e9r\u00eat touristique.<\/p>\n<p>Sa dur\u00e9e est illimit\u00e9e.<\/p>\n<p>Le si\u00e8ge social du CLUB CROISI\u00c8RE \u00c9NERGIE 37 est \u00e0 AVOINE au lieu fix\u00e9 par le conseil d\u2019administration. Il peut \u00eatre transf\u00e9r\u00e9 par simple d\u00e9cision du conseil d\u2019administration, la ratification se faisant par l\u2019assembl\u00e9e g\u00e9n\u00e9rale suivante.<\/p>\n<p>&nbsp;<\/p>\n<h3><strong>Article 3<\/strong><\/h3>\n<p><strong>L\u2019association est affili\u00e9e \u00e0 la F\u00e9d\u00e9ration Fran\u00e7aise de Voile et elle s\u2019engage :<\/strong><\/p>\n<ul>\n<li>\u00e0 se conformer enti\u00e8rement aux statuts et aux r\u00e8glements en vigueur de la FFV ainsi qu\u2019\u00e0 ceux des comit\u00e9s r\u00e9gionaux et des comit\u00e9s d\u00e9partementaux li\u00e9s \u00e0 la FFV.<\/li>\n<li>\u00e0 se soumettre aux sanctions disciplinaires qui lui seraient inflig\u00e9es par applications desdits statuts et r\u00e8glements.<\/li>\n<li>\u00e0 licencier l\u00a0\u2018ensemble de ses membres et justifier d\u2019une licence annuelle pour l\u2019ensemble des comp\u00e9titeurs, dirigeants et tout son encadrement (arbitre, moniteurs, entra\u00eeneurs et autres collaborateurs, b\u00e9n\u00e9voles ou r\u00e9mun\u00e9r\u00e9s)<\/li>\n<\/ul>\n<p>&nbsp;<\/p>\n<h3><strong>Article 4<\/strong><\/h3>\n<p><strong>L\u2019association se compose de membres :<\/strong><\/p>\n<ul>\n<li><strong>de droit<\/strong>, les personnes membres de l\u2019association en raison de leur qualit\u00e9 d\u2019administrateurs d\u00e9l\u00e9gu\u00e9s, nomm\u00e9s par le conseil d\u2019administration de la CMCAS de TOURS \/ BLOIS. Ces membres sont et resteront au nombre de deux.<\/li>\n<li><strong>actifs ayants droits<\/strong>, les personnes reconnues comme ayants droits, ouvrants droits ou conjoints ou enfants d\u2019ayants droits ou d\u2019ouvrants droits de la CMCAS de TOURS \/ BLOIS qui prennent l\u2019engagement de verser annuellement la cotisation pr\u00e9vue.<\/li>\n<li><strong>actifs non ayants droits<\/strong>, les personnes n\u2019entrant pas dans la cat\u00e9gorie pr\u00e9c\u00e9dente et qui prennent l\u2019engagement de verser annuellement la cotisation pr\u00e9vue.<\/li>\n<\/ul>\n<p>Le montant des cotisations est fix\u00e9 par l\u2019assembl\u00e9e g\u00e9n\u00e9rale sur proposition du conseil d\u2019administration.<\/p>\n<p>&nbsp;<\/p>\n<h3><strong>Article 5<\/strong><\/h3>\n<p>L\u2019adh\u00e9sion au CCE37 est limit\u00e9e \u00e0 l\u2019ann\u00e9e en cours d\u2019exercice (ann\u00e9e calendaire) et n\u2019est pas renouvelable par tacite reconduction.<\/p>\n<p>De fait, pour chaque nouvelle ann\u00e9e calendaire, les candidats membres, hors membres \u00ab\u00a0de droit\u00a0\u00bb d\u00e9crits \u00e0 l\u2019article 4, doivent remplir imp\u00e9rativement les conditions suivantes pour faire partie de l\u2019association :<\/p>\n<ul>\n<li>accepter et respecter int\u00e9gralement les statuts de l\u2019association et son r\u00e8glement int\u00e9rieur,<\/li>\n<li>obtenir au pr\u00e9alable l\u2019accord du Conseil d\u2019Administration du CCE37 pour tout nouveau candidat membre,<\/li>\n<li>\u00eatre \u00e0 jour de ses dettes \u00e0 l\u2019\u00e9gard de l\u2019association sur l\u2019ann\u00e9e \u00e9coul\u00e9e pour les renouvellements de candidature,<\/li>\n<li>s\u2019inscrire \u00e0 au moins une activit\u00e9 organis\u00e9e dans l\u2019ann\u00e9e calendaire de son adh\u00e9sion par l\u2019association.<\/li>\n<\/ul>\n<p>Les demandes de renouvellement d\u2019adh\u00e9sion et de licence pour une ann\u00e9e N doivent \u00eatre effectu\u00e9es entre le 1er octobre et le 15 d\u00e9cembre de l\u2019ann\u00e9e N-1 afin de permettre le lissage de leurs traitements au bureau de l\u2019association.<\/p>\n<p>Le Conseil d\u2019Administration s\u2019octroie le droit de refuser la reconduction d\u2019une adh\u00e9sion \u00e0 un membre qui n\u2019aurait pas respect\u00e9 les statuts, le r\u00e8glement int\u00e9rieur ou l\u2019\u00e9thique de l\u2019association.<\/p>\n<p>Toute cessation de cotisation pendant trois ann\u00e9es cons\u00e9cutives d\u2019un ancien membre de l\u2019association entrainera un accord pr\u00e9alable du Conseil d\u2019Administration en cas de nouvelle demande de candidature.<\/p>\n<p>\u00c9tant donn\u00e9 que le caract\u00e8re discr\u00e9tionnaire de la d\u00e9cision d\u2019accepter ou non un candidat est de la responsabilit\u00e9 unique du Conseil d\u2019Administration, les refus d\u2019admission n\u2019ont donc pas \u00e0 \u00eatre motiv\u00e9s aupr\u00e8s des candidats. Ces d\u00e9cisions du Conseil d\u2019Administration peuvent \u00eatre r\u00e9vis\u00e9es pour chaque nouvelle ann\u00e9e calendaire.<\/p>\n<p>Les conditions financi\u00e8res appliqu\u00e9es aux diff\u00e9rentes cat\u00e9gories de membres sont expliqu\u00e9es dans le r\u00e8glement int\u00e9rieur.<\/p>\n<p>&nbsp;<\/p>\n<h3><strong>Article 6<\/strong><\/h3>\n<p>La qualit\u00e9 de membre de l\u2019association se perd :<\/p>\n<ul>\n<li>par la d\u00e9mission<\/li>\n<li>par la radiation prononc\u00e9e pour motif consid\u00e9r\u00e9 comme grave par le Conseil d\u2019administration, le membre concern\u00e9 ayant \u00e9t\u00e9 pr\u00e9alablement appel\u00e9 \u00e0 fournir des explications<\/li>\n<\/ul>\n<p>&nbsp;<\/p>\n<h3><strong>Article 7<\/strong><\/h3>\n<p>Les ressources de l\u2019association sont constitu\u00e9es :<\/p>\n<ul>\n<li>par le produit des cotisations-par les subventions de la CMCAS<\/li>\n<li>par les participations financi\u00e8res des membres aux activit\u00e9s<\/li>\n<li>par toutes les autres ressources autoris\u00e9es par les textes l\u00e9gislatifs et r\u00e9glementaires.<\/li>\n<\/ul>\n<p>&nbsp;<\/p>\n<h3><strong>Article 8<\/strong><\/h3>\n<p>Cette association se pla\u00e7ant sous le parrainage de la CMCAS, a droit aux subventions que cet organisme consent aux associations soumises aux conditions dudit parrainage.<\/p>\n<p>&nbsp;<\/p>\n<h3><strong>Article 9<\/strong><\/h3>\n<p>Le conseil d\u2019administration dirigeant l\u2019association est compos\u00e9e \u00e0 minima de 6 membres \u00e9lus pour 3 ann\u00e9es et de 2 administrateurs d\u00e9l\u00e9gu\u00e9s nomm\u00e9s par le conseil d\u2019administration de la CMCAS de Tours.<\/p>\n<p>Est \u00e9ligible au conseil d\u2019administration, tout membre ayant droit \u00e2g\u00e9 de 18 ans minimum le jour de l\u2019\u00e9lection, membre de l\u2019association depuis plus d\u2019un an, \u00e0 jour de ses cotisations.<\/p>\n<p>Le conseil d\u2019administration se renouvelle par tiers tous les ans.<\/p>\n<p>Les membres sortants sont r\u00e9\u00e9ligibles.<\/p>\n<p>Les premiers membres sortants sont d\u00e9sign\u00e9s par le sort.<\/p>\n<p>Le conseil d\u2019administration \u00e9lit chaque ann\u00e9e, son bureau comprenant 6 membres minimum:<\/p>\n<ul>\n<li>le pr\u00e9sident et le vice-pr\u00e9sident<\/li>\n<li>le secr\u00e9taire et le secr\u00e9taire adjoint<\/li>\n<li>le tr\u00e9sorier et le tr\u00e9sorier adjoint<\/li>\n<\/ul>\n<p>En cas de vacances, le conseil pourvoit au remplacement de ses membres. Il est proc\u00e9d\u00e9 au remplacement d\u00e9finitif lors de l\u2019assembl\u00e9e g\u00e9n\u00e9rale suivante.<\/p>\n<p>&nbsp;<\/p>\n<h3><strong>Article 10<\/strong><\/h3>\n<p>Le conseil d\u2019administration se r\u00e9unit au moins une fois par trimestre et chaque fois qu\u2019il est convoqu\u00e9 par le pr\u00e9sident ou \u00e0 la demande du quart de ses membres.<\/p>\n<p>Tout membre du conseil d\u2019administration qui aura sans excuse accept\u00e9e par celui ci, manqu\u00e9 \u00e0 trois s\u00e9ances cons\u00e9cutives, pourra \u00eatre consid\u00e9r\u00e9 comme d\u00e9missionnaire.<\/p>\n<p>&nbsp;<\/p>\n<h3><strong>Article 11<\/strong><\/h3>\n<p>L\u2019assembl\u00e9e g\u00e9n\u00e9rale ordinaire se r\u00e9unit chaque ann\u00e9e.<\/p>\n<p>Tous ses membres devront \u00eatre \u00e0 jour de leur cotisation et seuls les membres actifs ayants droits seront cr\u00e9dit\u00e9s du droit de vote.<\/p>\n<p>L\u2019ordre du jour est r\u00e9gl\u00e9 par le conseil d\u2019administration et elle d\u00e9lib\u00e8re sur les rapports relatifs \u00e0 la gestion du conseil d\u2019administration et \u00e0 la situation morale et financi\u00e8re de l\u2019association.<\/p>\n<p>L\u2019assembl\u00e9e g\u00e9n\u00e9rale d\u00e9lib\u00e8re sur les questions \u00e0 l\u2019ordre du jour et pourvoit au renouvellement des membres du conseil d\u2019administration. Elle se prononce, sous r\u00e9serve des approbations n\u00e9cessaires, sur les modifications aux statuts.<\/p>\n<p>L\u2019assembl\u00e9e g\u00e9n\u00e9rale peut valablement d\u00e9lib\u00e9rer quel que soit le nombre des pr\u00e9sents, les d\u00e9cisions sont prises \u00e0 la majorit\u00e9 exprim\u00e9e.<\/p>\n<p>Les membres sont convoqu\u00e9s par les soins du secr\u00e9taire quinze jours avant la date pr\u00e9vue. La convocation peut \u00eatre faite par voie d\u2019affichage.<\/p>\n<p>&nbsp;<\/p>\n<h3><strong>Article 12<\/strong><\/h3>\n<p>Si besoin est, ou sur la demande de la moiti\u00e9 plus un des membres, le Pr\u00e9sident peut convoquer une assembl\u00e9e g\u00e9n\u00e9rale extraordinaire suivant les modalit\u00e9s pr\u00e9vues par l\u2019article 11.<\/p>\n<p>&nbsp;<\/p>\n<h3><strong>Article 13<\/strong><\/h3>\n<p>Un r\u00e8glement int\u00e9rieur est \u00e9tabli par le conseil d\u2019administration qui le fait approuver par l\u2019assembl\u00e9e g\u00e9n\u00e9rale.<\/p>\n<p>Ce r\u00e8glement int\u00e9rieur est destin\u00e9 \u00e0 fixer les diff\u00e9rents points non-trait\u00e9s dans les pr\u00e9sents statuts et qui r\u00e9gissent l\u2019administration et les fonctionnements internes \u00e0 l\u2019association.<\/p>\n<p>&nbsp;<\/p>\n<h3><strong>Article 14<\/strong><\/h3>\n<p>En cas de dissolution prononc\u00e9e par les deux tiers au moins des membres pr\u00e9sents \u00e0 l\u2019assembl\u00e9e g\u00e9n\u00e9rale, un ou plusieurs liquidateurs sont nomm\u00e9s par celle ci et l\u2019actif s\u2019il y a lieu est d\u00e9volu conform\u00e9ment \u00e0 l\u2019article 9 de la loi du 1er juillet 1901 et du d\u00e9cret du 16 ao\u00fbt 1901.<\/p>\n<p>&nbsp;<\/p>\n<p align=\"right\"><em>R\u00e9vision approuv\u00e9e en assembl\u00e9e g\u00e9n\u00e9rale \u00a0extraordinaire du \u00a025 novembre 2016.<\/em><\/p>\n<table border=\"1\" cellpadding=\"0\" align=\"left\">\n<tbody>\n<tr>\n<td>\n<p align=\"center\">Le Pr\u00e9sident<\/p>\n<\/td>\n<td>\n<p align=\"center\">Le Tr\u00e9sorier<\/p>\n<\/td>\n<td>\n<p align=\"center\">Le Secr\u00e9taire<\/p>\n<\/td>\n<\/tr>\n<tr>\n<td>\n<p align=\"center\">DERIEUX\u00a0 R\u00e9gis<\/p>\n<\/td>\n<td>\n<p align=\"center\">CADY\u00a0 Sylvain<\/p>\n<\/td>\n<td>\n<p align=\"center\">WUCHER\u00a0 Paul<\/p>\n<\/td>\n<\/tr>\n<\/tbody>\n<\/table>\n<\/div>\n[\/vc_column_text][\/vc_column][\/vc_row]\n","protected":false},"excerpt":{"rendered":"<p>[vc_row type=\u00a0\u00bbfull_width_content\u00a0\u00bb full_screen_row_position=\u00a0\u00bbmiddle\u00a0\u00bb column_margin=\u00a0\u00bbdefault\u00a0\u00bb column_direction=\u00a0\u00bbdefault\u00a0\u00bb column_direction_tablet=\u00a0\u00bbdefault\u00a0\u00bb column_direction_phone=\u00a0\u00bbdefault\u00a0\u00bb scene_position=\u00a0\u00bbcenter\u00a0\u00bb text_color=\u00a0\u00bbdark\u00a0\u00bb text_align=\u00a0\u00bbcenter\u00a0\u00bb row_border_radius=\u00a0\u00bbnone\u00a0\u00bb row_border_radius_applies=\u00a0\u00bbbg\u00a0\u00bb overflow=\u00a0\u00bbvisible\u00a0\u00bb advanced_gradient_angle=\u00a0\u00bb0&Prime; overlay_strength=\u00a0\u00bb0.3&Prime; gradient_direction=\u00a0\u00bbleft_to_right\u00a0\u00bb shape_divider_position=\u00a0\u00bbbottom\u00a0\u00bb bg_image_animation=\u00a0\u00bbnone\u00a0\u00bb shape_type=\u00a0\u00bb\u00a0\u00bb gradient_type=\u00a0\u00bbdefault\u00a0\u00bb][vc_column column_padding=\u00a0\u00bbno-extra-padding\u00a0\u00bb column_padding_tablet=\u00a0\u00bbinherit\u00a0\u00bb column_padding_phone=\u00a0\u00bbinherit\u00a0\u00bb column_padding_position=\u00a0\u00bball\u00a0\u00bb column_element_spacing=\u00a0\u00bbdefault\u00a0\u00bb background_color_opacity=\u00a0\u00bb1&Prime; background_hover_color_opacity=\u00a0\u00bb1&Prime; background_image=\u00a0\u00bb1022&Prime; background_image_position=\u00a0\u00bbcenter center\u00a0\u00bb&#8230;<\/p>\n","protected":false},"author":1,"featured_media":0,"parent":0,"menu_order":0,"comment_status":"closed","ping_status":"closed","template":"","meta":{"footnotes":""},"class_list":["post-83","page","type-page","status-publish"],"_links":{"self":[{"href":"https:\/\/cce37.fr\/index.php?rest_route=\/wp\/v2\/pages\/83","targetHints":{"allow":["GET"]}}],"collection":[{"href":"https:\/\/cce37.fr\/index.php?rest_route=\/wp\/v2\/pages"}],"about":[{"href":"https:\/\/cce37.fr\/index.php?rest_route=\/wp\/v2\/types\/page"}],"author":[{"embeddable":true,"href":"https:\/\/cce37.fr\/index.php?rest_route=\/wp\/v2\/users\/1"}],"replies":[{"embeddable":true,"href":"https:\/\/cce37.fr\/index.php?rest_route=%2Fwp%2Fv2%2Fcomments&post=83"}],"version-history":[{"count":11,"href":"https:\/\/cce37.fr\/index.php?rest_route=\/wp\/v2\/pages\/83\/revisions"}],"predecessor-version":[{"id":1507,"href":"https:\/\/cce37.fr\/index.php?rest_route=\/wp\/v2\/pages\/83\/revisions\/1507"}],"wp:attachment":[{"href":"https:\/\/cce37.fr\/index.php?rest_route=%2Fwp%2Fv2%2Fmedia&parent=83"}],"curies":[{"name":"wp","href":"https:\/\/api.w.org\/{rel}","templated":true}]}}