{"id":81,"date":"2020-04-02T18:17:54","date_gmt":"2020-04-02T16:17:54","guid":{"rendered":"http:\/\/www.test.cce37.fr\/?page_id=81"},"modified":"2021-11-29T20:38:11","modified_gmt":"2021-11-29T19:38:11","slug":"reglement-interieur","status":"publish","type":"page","link":"https:\/\/cce37.fr\/?page_id=81","title":{"rendered":"R\u00e8glement int\u00e9rieur"},"content":{"rendered":"[vc_row type=\u00a0\u00bbfull_width_content\u00a0\u00bb full_screen_row_position=\u00a0\u00bbmiddle\u00a0\u00bb column_margin=\u00a0\u00bbdefault\u00a0\u00bb column_direction=\u00a0\u00bbdefault\u00a0\u00bb column_direction_tablet=\u00a0\u00bbdefault\u00a0\u00bb column_direction_phone=\u00a0\u00bbdefault\u00a0\u00bb scene_position=\u00a0\u00bbcenter\u00a0\u00bb text_color=\u00a0\u00bbdark\u00a0\u00bb text_align=\u00a0\u00bbcenter\u00a0\u00bb row_border_radius=\u00a0\u00bbnone\u00a0\u00bb row_border_radius_applies=\u00a0\u00bbbg\u00a0\u00bb overflow=\u00a0\u00bbvisible\u00a0\u00bb advanced_gradient_angle=\u00a0\u00bb0&Prime; overlay_strength=\u00a0\u00bb0.3&Prime; gradient_direction=\u00a0\u00bbleft_to_right\u00a0\u00bb shape_divider_position=\u00a0\u00bbbottom\u00a0\u00bb bg_image_animation=\u00a0\u00bbnone\u00a0\u00bb shape_type=\u00a0\u00bb\u00a0\u00bb gradient_type=\u00a0\u00bbdefault\u00a0\u00bb][vc_column column_padding=\u00a0\u00bbno-extra-padding\u00a0\u00bb column_padding_tablet=\u00a0\u00bbinherit\u00a0\u00bb column_padding_phone=\u00a0\u00bbinherit\u00a0\u00bb column_padding_position=\u00a0\u00bball\u00a0\u00bb column_element_spacing=\u00a0\u00bbdefault\u00a0\u00bb background_color_opacity=\u00a0\u00bb1&Prime; background_hover_color_opacity=\u00a0\u00bb1&Prime; background_image=\u00a0\u00bb1022&Prime; background_image_position=\u00a0\u00bbcenter center\u00a0\u00bb enable_bg_scale=\u00a0\u00bbtrue\u00a0\u00bb background_image_loading=\u00a0\u00bbdefault\u00a0\u00bb column_shadow=\u00a0\u00bbnone\u00a0\u00bb column_border_radius=\u00a0\u00bbnone\u00a0\u00bb column_link_target=\u00a0\u00bb_self\u00a0\u00bb column_position=\u00a0\u00bbdefault\u00a0\u00bb advanced_gradient_angle=\u00a0\u00bb0&Prime; gradient_direction=\u00a0\u00bbleft_to_right\u00a0\u00bb overlay_strength=\u00a0\u00bb0.3&Prime; width=\u00a0\u00bb1\/1&Prime; tablet_width_inherit=\u00a0\u00bbdefault\u00a0\u00bb tablet_text_alignment=\u00a0\u00bbdefault\u00a0\u00bb phone_text_alignment=\u00a0\u00bbdefault\u00a0\u00bb animation_type=\u00a0\u00bbdefault\u00a0\u00bb bg_image_animation=\u00a0\u00bbnone\u00a0\u00bb border_type=\u00a0\u00bbsimple\u00a0\u00bb column_border_width=\u00a0\u00bbnone\u00a0\u00bb column_border_style=\u00a0\u00bbsolid\u00a0\u00bb gradient_type=\u00a0\u00bbdefault\u00a0\u00bb][divider line_type=\u00a0\u00bbNo Line\u00a0\u00bb custom_height=\u00a0\u00bb40&Prime;][split_line_heading animation_type=\u00a0\u00bbline-reveal-by-space\u00a0\u00bb font_style=\u00a0\u00bbh1&Prime; text_color=\u00a0\u00bb#ffffff\u00a0\u00bb line_reveal_by_space_text_effect=\u00a0\u00bbdefault\u00a0\u00bb content_alignment=\u00a0\u00bbdefault\u00a0\u00bb mobile_content_alignment=\u00a0\u00bbinherit\u00a0\u00bb link_target=\u00a0\u00bb_self\u00a0\u00bb text_content=\u00a0\u00bbR\u00e8glement int\u00e9rieur\u00a0\u00bb]\n<h1 style=\"text-align: center;\"><span style=\"color: #ffffff;\">Les origines<br \/>\n<\/span><\/h1>\n[\/split_line_heading][divider line_type=\u00a0\u00bbNo Line\u00a0\u00bb custom_height=\u00a0\u00bb40&Prime;][\/vc_column][\/vc_row][vc_row type=\u00a0\u00bbfull_width_background\u00a0\u00bb full_screen_row_position=\u00a0\u00bbmiddle\u00a0\u00bb column_margin=\u00a0\u00bbdefault\u00a0\u00bb column_direction=\u00a0\u00bbdefault\u00a0\u00bb column_direction_tablet=\u00a0\u00bbdefault\u00a0\u00bb column_direction_phone=\u00a0\u00bbdefault\u00a0\u00bb scene_position=\u00a0\u00bbcenter\u00a0\u00bb text_color=\u00a0\u00bbdark\u00a0\u00bb text_align=\u00a0\u00bbleft\u00a0\u00bb row_border_radius=\u00a0\u00bbnone\u00a0\u00bb row_border_radius_applies=\u00a0\u00bbbg\u00a0\u00bb overflow=\u00a0\u00bbvisible\u00a0\u00bb color_overlay=\u00a0\u00bb#ffffff\u00a0\u00bb overlay_strength=\u00a0\u00bb0.3&Prime; gradient_direction=\u00a0\u00bbleft_to_right\u00a0\u00bb shape_divider_position=\u00a0\u00bbbottom\u00a0\u00bb bg_image_animation=\u00a0\u00bbnone\u00a0\u00bb shape_type=\u00a0\u00bb\u00a0\u00bb][vc_column column_padding=\u00a0\u00bbno-extra-padding\u00a0\u00bb column_padding_tablet=\u00a0\u00bbinherit\u00a0\u00bb column_padding_phone=\u00a0\u00bbinherit\u00a0\u00bb column_padding_position=\u00a0\u00bball\u00a0\u00bb top_margin=\u00a0\u00bb20&Prime; column_element_spacing=\u00a0\u00bbdefault\u00a0\u00bb background_color_opacity=\u00a0\u00bb1&Prime; background_hover_color_opacity=\u00a0\u00bb1&Prime; column_shadow=\u00a0\u00bbnone\u00a0\u00bb column_border_radius=\u00a0\u00bbnone\u00a0\u00bb column_link_target=\u00a0\u00bb_self\u00a0\u00bb column_position=\u00a0\u00bbdefault\u00a0\u00bb gradient_direction=\u00a0\u00bbleft_to_right\u00a0\u00bb overlay_strength=\u00a0\u00bb0.3&Prime; width=\u00a0\u00bb1\/1&Prime; tablet_width_inherit=\u00a0\u00bbdefault\u00a0\u00bb tablet_text_alignment=\u00a0\u00bbdefault\u00a0\u00bb phone_text_alignment=\u00a0\u00bbdefault\u00a0\u00bb animation_type=\u00a0\u00bbdefault\u00a0\u00bb bg_image_animation=\u00a0\u00bbnone\u00a0\u00bb border_type=\u00a0\u00bbsimple\u00a0\u00bb column_border_width=\u00a0\u00bbnone\u00a0\u00bb column_border_style=\u00a0\u00bbsolid\u00a0\u00bb][vc_column_text]\n<h3>1-\u00a0 R\u00f4le des membres du Conseil d\u2019Administration<\/h3>\n<h4>1-1-Organisation G\u00e9n\u00e9rale<\/h4>\n<ul>\n<li>Le CCE 37 est dirig\u00e9 par un conseil d\u2019administration qui \u00e9lit au sein de ses membres un Seuls les membres de ce bureau sont qualifi\u00e9s pour :<\/li>\n<li>engager des r\u00e9servations au nom de l\u2019association,<\/li>\n<li>engager des d\u00e9penses au nom de l\u2019association sous le contr\u00f4le du Tr\u00e9sorier,<\/li>\n<li>recevoir une d\u00e9l\u00e9gation de signature sur les ch\u00e9quiers de l\u2019association.<\/li>\n<li>Parmi les membres du bureau, la r\u00e9partition des activit\u00e9s est faite comme suit :<\/li>\n<\/ul>\n<h4>1-2- R\u00f4le du Pr\u00e9sident et du vice-pr\u00e9sident<\/h4>\n<ul>\n<li>repr\u00e9sentent l\u2019association \u00e0 chaque fois que n\u00e9cessaire<\/li>\n<li>sont en charge des proc\u00e9dures de r\u00e9servations des bateaux aupr\u00e8s des loueurs<\/li>\n<li>sont responsables du traitement des litiges entre l\u2019association et les parties en<\/li>\n<li>assurent l\u2019animation de l\u2019association et sont garants de la vie morale de celle-ci.<\/li>\n<\/ul>\n<h4>1-3- R\u00f4le du secr\u00e9taire et du secr\u00e9taire adjoint<\/h4>\n<ul>\n<li>assurent la gestion administrative de l\u2019association,<\/li>\n<li>sont en charge des convocations et courriers internes \u00e0 l\u2019association,<\/li>\n<li>sont responsables de la tenue \u00e0 jour de la liste des membres de l\u2019association,<\/li>\n<li>d\u00e9livrent les licences.<\/li>\n<li>r\u00e9alisent et diffusent les affiches promotionnelles des activit\u00e9s.<\/li>\n<\/ul>\n<h4>1-4- R\u00f4le du tr\u00e9sorier et du tr\u00e9sorier adjoint<\/h4>\n<ul>\n<li>sont responsables de la gestion financi\u00e8re de l\u2019association,<\/li>\n<li>sont charg\u00e9s du calcul des tarifs des activit\u00e9s de l\u2019association,<\/li>\n<li>sont charg\u00e9s de contr\u00f4ler l\u2019ad\u00e9quation entre les tarifs pratiqu\u00e9s et les paiements des participants aux activit\u00e9s,<\/li>\n<li>sont les interlocuteurs privil\u00e9gi\u00e9s du service comptable de la CMCAS et doivent \u00eatre en mesure de pr\u00e9senter un \u00e9tat des comptes sur simple demande de la CMCAS ou de l\u2019un des membres de l\u2019association.<\/li>\n<li>alertent le bureau en cas de difficult\u00e9s financi\u00e8res constat\u00e9es ou pr\u00e9visibles.<\/li>\n<\/ul>\n<h4>1-5- R\u00f4le du membre en charge de la formation<\/h4>\n<ul>\n<li>Il organise la formation dispens\u00e9e par le CCE37 en fonction du cursus de formation d\u00e9fini.<\/li>\n<li>Il met \u00e0 jour les diff\u00e9rents documents li\u00e9s \u00e0 la formation (cursus formation, cahier des charges de formation, fiches de<\/li>\n<li>synth\u00e8se d\u2019appr\u00e9ciation\u2026)<\/li>\n<li>Il d\u00e9finit les dates de formation en accord avec le<\/li>\n<li>Il d\u00e9finit le co\u00fbt des formations en accord avec le tr\u00e9sorier.<\/li>\n<li>Il recense l\u2019inscription des adh\u00e9rents aux<\/li>\n<li>Il collecte la participation financi\u00e8re des stagiaires aux<\/li>\n<li>Il r\u00e9serve les bateaux en accord avec le tr\u00e9sorier.<\/li>\n<li>Il recense les formateurs croisi\u00e8res disponibles aux dates de formation et leur confirme leur<\/li>\n<li>Il constitue les \u00e9quipages en fonction du niveau des<\/li>\n<li>Il organise et anime les r\u00e9unions pr\u00e9paratoires aux<\/li>\n<li>Il collecte les fiches de synth\u00e8se stagiaire r\u00e9dig\u00e9es par les<\/li>\n<li>Il organise et anime une r\u00e9union de bilan des formations pour :<\/li>\n<li>Faire le bilan des formations (organisation, contenu des formations, niveau acquis\u2026) Valider le niveau des stagiaires propos\u00e9 par les formateurs.<\/li>\n<\/ul>\n<h4>1-6\u00a0\u00a0\u00a0\u00a0 Voile sportive<\/h4>\n<p>Toute participation d\u2019un \u00e9quipage \u00e0 une r\u00e9gate impose \u00e0 tous les membres d\u2019\u00eatre licenci\u00e9s \u00e0 la F\u00e9d\u00e9ration Fran\u00e7aise de Voile. Les frais d\u2019engagement et d\u2019inscription seront \u00e0 la charge de l\u2019\u00e9quipage et les m\u00eames r\u00e8gles de respect et de co-responsabilit\u00e9 de l\u2019\u00e9quipage seront appliqu\u00e9es<\/p>\n<p>Chaque adh\u00e9rent participant \u00e0 des r\u00e9gates doit s\u2019acquitter de la cotisation au club ainsi que de la licence FFV. ( hors le challenge CCE37 r\u00e9alis\u00e9 en collaboration avec la commission sport de la CMCAS de Tours ).<\/p>\n<h4>1-7\u00a0\u00a0\u00a0\u00a0 Autres acteurs<\/h4>\n<p>Correspondant challenge\/bureau:<\/p>\n<ul>\n<li><strong>\u00a0<\/strong>Il assure les r\u00e8gles de fonctionnement du CCE37 vis \u00e0 vis de l\u2019\u00e9quipe d\u2019organisation du challenge<\/li>\n<li>Il suit le budget du challenge<\/li>\n<li>Il a un droit d\u2019alerte envers le bureau<\/li>\n<li>Il n\u2019est pas d\u00e9cideur au sein de l\u2019organisation<\/li>\n<li>Il est le correspondant unique envers la CMCAS<\/li>\n<\/ul>\n<h3>2-\u00a0 Les skippers de l\u2019association<\/h3>\n<p>Les skippers doivent \u00eatre membres de l\u2019association.<\/p>\n<h4><strong>\u00a0<\/strong><strong>2-1- Skippers Moniteurs F\u00e9d\u00e9raux<\/strong><\/h4>\n<p>Les skippers encadrant les activit\u00e9s de formation devront \u00eatre valid\u00e9 par des skippers dipl\u00f4m\u00e9s du monitorat f\u00e9d\u00e9ral croisi\u00e8re.<\/p>\n<p>Les skippers formateurs seront valid\u00e9s apr\u00e8s l\u2019animation \u00e0 minima d\u2019une s\u00e9ance de formation en double.<\/p>\n<h3>2-2- Liste des skippers de l\u2019association<\/h3>\n<p>Les skippers de l\u2019association sont r\u00e9pertori\u00e9s sur une liste tenue \u00e0 jour et consultable par tous les membres sur le site internet du club. Chaque inscription sur cette liste est valid\u00e9e par le Bureau sur proposition d\u2019au moins deux skippers qui assurent l\u2019encadrement des formations au sein de l\u2019association.<\/p>\n<p>Tout membre pr\u00e9tendant au titre de skipper au vu de son exp\u00e9rience pass\u00e9e hors de l\u2019association devra fournir un \u00e9tat de son exp\u00e9rience nautique et obtenir un avis favorable d\u2019au moins trois des skippers formateurs.<\/p>\n<p>Les skippers sont propos\u00e9s chaque ann\u00e9e suite au bilan des formations chef de bord. Le comit\u00e9 skipper formateur se r\u00e9unit 2 fois par an pour valider les nouveaux skippers une fois en juin et une fois avant l\u2019assembl\u00e9e g\u00e9n\u00e9rale du club.<\/p>\n<p>Une fois par an, avant l\u2019assembl\u00e9e g\u00e9n\u00e9rale, le comit\u00e9 formateur se rencontre pour valider la liste des skippers et des formateurs pour l\u2019ann\u00e9e \u00e0 venir<\/p>\n<h3>2-3- D\u00e9l\u00e9gations accord\u00e9es aux skippers<\/h3>\n<p>Le skipper est le repr\u00e9sentant de l\u2019association partout o\u00f9 il se trouve lors de l\u2019activit\u00e9 en cours. A ce titre, il est mandat\u00e9 par l\u2019association pour prendre toute d\u00e9cision rapide qui s\u2019av\u00e9rerait n\u00e9cessaire. De m\u00eame, il est habilit\u00e9 \u00e0 signer un contrat de location au nom de l\u2019association dans la situation exceptionnelle d\u2019une modification de contrat de derni\u00e8re minute par le loueur.<\/p>\n<p>Le skipper est le garant des principes d\u2019honn\u00eatet\u00e9 et de correction envers les loueurs qui sont les valeurs fondamentales de l\u2019association.<\/p>\n<h3>2-4- Responsabilit\u00e9 du skipper<\/h3>\n<p>Le skipper est responsable \u00e0 bord du bateau, \u00e0 ce titre il doit :<\/p>\n<ul>\n<li>contr\u00f4ler l\u2019exhaustivit\u00e9 et l\u2019\u00e9tat de l\u2019ensemble des mat\u00e9riels et composants r\u00e9pertori\u00e9s sur l\u2019inventaire du bateau remis par le loueur.<\/li>\n<li>\u00e9mettre le ch\u00e8que de caution du<\/li>\n<li>d\u00e9cider de l\u2019opportunit\u00e9 de souscrire \u00e0 la formule du rachat de franchise d\u2019assurance<\/li>\n<li>appliquer les r\u00e8gles de navigation et les r\u00e9glementations en<\/li>\n<li>\u00eatre licenci\u00e9 \u00e0 la F\u00e9d\u00e9ration Fran\u00e7aise de<\/li>\n<li>s\u2019assurer d\u2019une restitution du bateau en parfait \u00e9tat de propret\u00e9.<\/li>\n<li>laisser en \u00e9vidence sur la table \u00e0 carte du bateau un compte rendu succinct de la location avec le descriptif des incidents ou constats de dysfonctionnement de mat\u00e9riel.<\/li>\n<li>fournir d\u00e8s son retour une copie de ce compte rendu au bureau de l\u2019association.<\/li>\n<li>en cas de perte de mat\u00e9riel, le remplacer pour la fin de l\u2019activit\u00e9, y compris le mat\u00e9riel appartenant au<\/li>\n<\/ul>\n<h3>2-5- Avantage attribu\u00e9 aux skippers<\/h3>\n<p>Le skipper b\u00e9n\u00e9ficie de la gratuit\u00e9 de sa part de location quand il assure sa fonction lors d\u2019une activit\u00e9, mandat\u00e9 par l\u2019association.<\/p>\n<h3>3-\u00a0 Le responsable d\u2019activit\u00e9<\/h3>\n<ul>\n<li>le responsable d\u2019activit\u00e9 est l\u2019interlocuteur privil\u00e9gi\u00e9 du bureau pour les besoins correspondants \u00e0 une activit\u00e9. Ce n\u2019est pas obligatoirement le skipper du<\/li>\n<li>le responsable d\u2019activit\u00e9 est charg\u00e9 de d\u00e9finir les dates, lieux et type de bateau souhait\u00e9s pour l\u2019activit\u00e9.<\/li>\n<\/ul>\n<ul>\n<li>il collecte les participations financi\u00e8res des membres du ou des \u00e9quipage(s) en respectant les dates limites fix\u00e9es par le r\u00e8glement.<\/li>\n<\/ul>\n<ul>\n<li>le responsable d\u2019activit\u00e9 doit informer tous les participants des r\u00e8gles applicables au sein de l\u2019association et en particulier du non-remboursement en cas de d\u00e9sistement ainsi que de la coresponsabilit\u00e9 de chaque participant en cas de d\u00e9gradation, perte, casse ou vol survenu lors de l\u2019activit\u00e9<\/li>\n<li>le responsable d\u2019activit\u00e9 est responsable du contr\u00f4le de la qualit\u00e9 d\u2019ayant droit ou de non ayant droit \u00e0 la participation de la CMCAS de Les contr\u00f4les des informations transmises au bureau sont sous la responsabilit\u00e9 du responsable d\u2019activit\u00e9.<\/li>\n<\/ul>\n<h3>4-\u00a0 Calcul des tarifs d\u2019activit\u00e9s<\/h3>\n<p>Les tarifs des activit\u00e9s sont diff\u00e9rents en fonction de la qualit\u00e9 des membres concern\u00e9s.<\/p>\n<p>Les membres actifs ayant droits peuvent b\u00e9n\u00e9ficier d\u2019une participation de la CMCAS dont le montant respecte les r\u00e8gles en vigueur: soit 25% maximum du total de la part.<\/p>\n<p>Les membres actifs non ayant droits ne peuvent b\u00e9n\u00e9ficier d\u2019une participation de la CMCAS sauf dans le cas des formations et \u00e0 condition que le bureau de l\u2019association d\u00e9cide que le r\u00f4le de ce dernier soit important pour le renouvellement des skippers.<\/p>\n<p>La prise en charge par la CMCAS ne pourra exc\u00e9der 7 jours par activit\u00e9<\/p>\n<p>Dans le cadre des activit\u00e9s \u00e0 caract\u00e8re familial avec un des deux parents \u00e0 bord, il est accord\u00e9 20% de r\u00e9duction compl\u00e9mentaire pour le premier enfant de 6 \u00e0 16 ans et 50% \u00e0 partir du deuxi\u00e8me enfant, un enfant de moins de 6 ans \u00e0 la gratuit\u00e9 de l\u2019activit\u00e9.<\/p>\n<p>Dans les autres cas d\u2019activit\u00e9s, la pr\u00e9sence de mineurs n\u2019est pas accept\u00e9e.<\/p>\n<p>Pour les activit\u00e9s de formation ou de perfectionnement skipper, il est admis une participation de l\u2019association \u00e0 hauteur max de 50% du co\u00fbt de l\u2019activit\u00e9 et ceci dans le but de permettre le renouvellement n\u00e9cessaire des skippers et leur perfectionnement.<\/p>\n<h3>5-\u00a0 Droits et devoirs des membres de l\u2019association<\/h3>\n<h4><strong>\u00a0<\/strong>Les membres ont le droit :<\/h4>\n<ul>\n<li><strong>\u00a0<\/strong>de participer \u00e0 toute activit\u00e9 de l\u2019association dans la mesure des places<\/li>\n<li>d\u2019organiser les activit\u00e9s de leur choix dans la mesure o\u00f9 le budget le<\/li>\n<li>de louer les cir\u00e9s disponibles au local de l\u2019association.<\/li>\n<li>de contr\u00f4ler les comptes de l\u2019association \u00e0 tout<\/li>\n<li>de b\u00e9n\u00e9ficier des avantages accord\u00e9s aux membres de la FFV dans la mesure o\u00f9 ils seront \u00e0 jour de leur<\/li>\n<\/ul>\n<h4>Les membres ont le devoir :<\/h4>\n<ul>\n<li>de payer leur cotisation et le co\u00fbt de leurs activit\u00e9s par ch\u00e8que bancaire<\/li>\n<li>de respecter les \u00e9ch\u00e9ances fix\u00e9es par le responsable d\u2019activit\u00e9.<\/li>\n<li>de respecter les loueurs et le mat\u00e9riel mis \u00e0 leur<\/li>\n<li>de rembourser les d\u00e9g\u00e2ts ou incidents survenus lors de l\u2019activit\u00e9 \u00e0 laquelle ils<\/li>\n<li>de se faire remplacer en cas de d\u00e9sistement, aucun remboursement ne sera exigible aupr\u00e8s de l\u2019association.<\/li>\n<\/ul>\n<h3>6-\u00a0 Mise en \u0153uvre d\u2019une activit\u00e9<\/h3>\n<p>Tout membre qui d\u00e9sirera organiser une activit\u00e9 devra d\u2019abord obtenir l\u2019accord du tr\u00e9sorier pour s\u2019assurer que la pr\u00e9vision budg\u00e9taire est compatible aux r\u00e9serves budg\u00e9taires.<\/p>\n<p>Ensuite une option de r\u00e9servation sera faite aupr\u00e8s du loueur souhait\u00e9 par un membre du bureau Le tr\u00e9sorier fournira au responsable de l\u2019activit\u00e9 les bar\u00e8mes de tarifs applicables.<\/p>\n<p>La r\u00e9servation sera effective \u00e0 r\u00e9ception par le tr\u00e9sorier du paiement \u00e0 hauteur de 50% du montant total de l\u2019activit\u00e9. Chaque paiement sera constitu\u00e9 de deux parts de 50 % chacune.<\/p>\n<p>Si l\u2019activit\u00e9 est d\u00e9clench\u00e9e moins d\u2019un mois avant la date de r\u00e9alisation alors le paiement sera int\u00e9gral pour rendre la r\u00e9servation effective.<\/p>\n<p>En cas de d\u00e9sistement non-justifi\u00e9, il ne sera pas rembours\u00e9 de participation financi\u00e8re si elle intervient dans les quatre semaines pr\u00e9c\u00e9dant l\u2019activit\u00e9.<\/p>\n<p>Les ch\u00e8ques seront d\u00e9pos\u00e9s en banque l\u00e9g\u00e8rement en amont de la remise du ch\u00e8que de l\u2019association \u00e0 notre fournisseur afin de nous garantir de tout d\u00e9couvert bancaire interdit aux associations loi 1901.<\/p>\n<h3>7-\u00a0 Montant des cotisations<\/h3>\n<p>Chaque membre du conseil d\u2019administration doit s\u2019acquitter de la cotisation au club.<\/p>\n<p>Chaque skipper doit s\u2019acquitter de la cotisation au club ainsi que de la licence FFV.<\/p>\n<p>Chaque participant doit s\u2019acquitter de la cotisation annuelle de 10 Euros au club, lors de l\u2019inscription \u00e0 sa premi\u00e8re activit\u00e9. Cette cotisation sera valide du 1er janvier au 31 d\u00e9cembre. Les sponsors participants au challenge sont exon\u00e9r\u00e9s de cette adh\u00e9sion uniquement pour le challenge, en cas d\u2019inscription \u00e0 une autre activit\u00e9 du club, ils devront s\u2019en acquitter.<\/p>\n<p>Chaque stagiaire participant aux formations \u00e9quipier doit s\u2019acquitter de la cotisation au club ainsi que de la licence FFV.<\/p>\n<p>Chaque stagiaire participant aux cours de navigation doit s\u2019acquitter de l\u2019adh\u00e9sion au club<\/p>\n<p>Les personnes qui adh\u00e9rent \u00e0 la FFV par un autre Club de Voile, n\u2019auront que la cotisation \u00e0 payer pour adh\u00e9rer \u00e0 l\u2019association.<\/p>\n<p>L\u2019affiliation \u00e0 la F\u00e9d\u00e9ration Fran\u00e7aise de Voile engage l\u2019association \u00e0 payer les cotisations\u00a0:<\/p>\n<ul>\n<li>\u00e0 la FFV<\/li>\n<li>\u00e0 la Ligue du Centre<\/li>\n<li>au Comit\u00e9 D\u00e9partemental de Voile.<\/li>\n<\/ul>\n<h3>8-\u00a0 Stage FFV<\/h3>\n<p>Les inscriptions aux diff\u00e9rents stages ou formations organis\u00e9s par la FFV seront soumis \u00e0 l\u2019accord du Conseil d\u2019administration.<\/p>\n<h3>9-\u00a0 Agr\u00e9ment Jeunesse et Sport<\/h3>\n<p>L\u2019association a son agr\u00e9ment d\u2019Ecole Fran\u00e7aise de Voile au Minist\u00e8re de la Jeunesse et des Sports sous le N\u00b0 : 37 S 778, ainsi qu\u2019\u00e0 la FFV sous le N\u00b0 C37012 pour assurer un enseignement organis\u00e9 autour de m\u00e9thodes structur\u00e9es. Les acquis techniques peuvent \u00eatre valid\u00e9s quel que soit le lieu de s\u00e9jour en France dans toutes les \u00e9coles de voiles reconnues.<\/p>\n<p>&nbsp;<\/p>\n<table>\n<tbody>\n<tr>\n<td width=\"150\">Le Pr\u00e9sident<\/td>\n<td width=\"184\">Le Tr\u00e9sorier<\/td>\n<td width=\"150\">Le Secr\u00e9taire<\/td>\n<\/tr>\n<tr>\n<td width=\"150\">Christophe GONZALEZ<\/td>\n<td width=\"184\">Sylvain CADY<\/td>\n<td width=\"150\">Paul Wucher<\/td>\n<\/tr>\n<\/tbody>\n<\/table>\n[\/vc_column_text][\/vc_column][\/vc_row]\n","protected":false},"excerpt":{"rendered":"<p>[vc_row type=\u00a0\u00bbfull_width_content\u00a0\u00bb full_screen_row_position=\u00a0\u00bbmiddle\u00a0\u00bb column_margin=\u00a0\u00bbdefault\u00a0\u00bb column_direction=\u00a0\u00bbdefault\u00a0\u00bb column_direction_tablet=\u00a0\u00bbdefault\u00a0\u00bb column_direction_phone=\u00a0\u00bbdefault\u00a0\u00bb scene_position=\u00a0\u00bbcenter\u00a0\u00bb text_color=\u00a0\u00bbdark\u00a0\u00bb text_align=\u00a0\u00bbcenter\u00a0\u00bb row_border_radius=\u00a0\u00bbnone\u00a0\u00bb row_border_radius_applies=\u00a0\u00bbbg\u00a0\u00bb overflow=\u00a0\u00bbvisible\u00a0\u00bb advanced_gradient_angle=\u00a0\u00bb0&Prime; overlay_strength=\u00a0\u00bb0.3&Prime; gradient_direction=\u00a0\u00bbleft_to_right\u00a0\u00bb shape_divider_position=\u00a0\u00bbbottom\u00a0\u00bb bg_image_animation=\u00a0\u00bbnone\u00a0\u00bb shape_type=\u00a0\u00bb\u00a0\u00bb gradient_type=\u00a0\u00bbdefault\u00a0\u00bb][vc_column column_padding=\u00a0\u00bbno-extra-padding\u00a0\u00bb column_padding_tablet=\u00a0\u00bbinherit\u00a0\u00bb column_padding_phone=\u00a0\u00bbinherit\u00a0\u00bb column_padding_position=\u00a0\u00bball\u00a0\u00bb column_element_spacing=\u00a0\u00bbdefault\u00a0\u00bb background_color_opacity=\u00a0\u00bb1&Prime; background_hover_color_opacity=\u00a0\u00bb1&Prime; background_image=\u00a0\u00bb1022&Prime; background_image_position=\u00a0\u00bbcenter center\u00a0\u00bb&#8230;<\/p>\n","protected":false},"author":1,"featured_media":0,"parent":0,"menu_order":0,"comment_status":"closed","ping_status":"closed","template":"","meta":{"footnotes":""},"class_list":["post-81","page","type-page","status-publish"],"_links":{"self":[{"href":"https:\/\/cce37.fr\/index.php?rest_route=\/wp\/v2\/pages\/81","targetHints":{"allow":["GET"]}}],"collection":[{"href":"https:\/\/cce37.fr\/index.php?rest_route=\/wp\/v2\/pages"}],"about":[{"href":"https:\/\/cce37.fr\/index.php?rest_route=\/wp\/v2\/types\/page"}],"author":[{"embeddable":true,"href":"https:\/\/cce37.fr\/index.php?rest_route=\/wp\/v2\/users\/1"}],"replies":[{"embeddable":true,"href":"https:\/\/cce37.fr\/index.php?rest_route=%2Fwp%2Fv2%2Fcomments&post=81"}],"version-history":[{"count":38,"href":"https:\/\/cce37.fr\/index.php?rest_route=\/wp\/v2\/pages\/81\/revisions"}],"predecessor-version":[{"id":1121,"href":"https:\/\/cce37.fr\/index.php?rest_route=\/wp\/v2\/pages\/81\/revisions\/1121"}],"wp:attachment":[{"href":"https:\/\/cce37.fr\/index.php?rest_route=%2Fwp%2Fv2%2Fmedia&parent=81"}],"curies":[{"name":"wp","href":"https:\/\/api.w.org\/{rel}","templated":true}]}}